{"id":4279,"date":"2019-08-11T17:02:55","date_gmt":"2019-08-11T17:02:55","guid":{"rendered":"http:\/\/www.ektoni.ee\/?page_id=4279"},"modified":"2019-08-11T17:02:56","modified_gmt":"2019-08-11T17:02:56","slug":"about-us","status":"publish","type":"page","link":"https:\/\/www.ektoni.ee\/en\/about-us\/","title":{"rendered":"About us"},"content":{"rendered":"<p>[vc_row][vc_column][vc_empty_space height=&#8221;15px&#8221;][\/vc_column][\/vc_row][vc_row][vc_column width=&#8221;7\/12&#8243;]<div class=\"box-title-wrapper\">\r\n<style type=\"text\/css\" scoped>\r\n    #bxtitle_88640734.box-title.box-title-line-middle .title-bar:after,\r\n    #bxtitle_88640734.box-title.box-title-line-middle .title-bar:before,\r\n    #bxtitle_88640734.box-title.box-title-line-around .title-bar:after,\r\n    #bxtitle_88640734.box-title.bottom-little-line h2:after,\r\n    #bxtitle_88640734.box-title.box-title-line-around .title-bar:before,\r\n    #bxtitle_88640734.box-title.box-title-line-around h2{\r\n        border-color: #f2f2f2    }\r\n<\/style>\r\n        <div id=\"bxtitle_88640734\" class=\"box-title box-title-text-left bottom-little-line box-title-line-none \"  data-delay=\"0\">\r\n            <h2 style=\"font-size: 18px;\">\r\n                <span class=\"f-smaller\"><strong>ETTEV\u00d5TTEST<\/strong><\/span>            <\/h2>\r\n                    <\/div>\r\n        <\/div>[vc_column_text]Ektoni hulgikaubandus O\u00dc on 1992. aastal asutatud kodumaisel kapitalil p\u00f5hinev toidu- ja t\u00f6\u00f6stuskaupade hulgikaubandusega tegelev ettev\u00f5te. Meie tegevuse eesm\u00e4rk on tarbijatele kvaliteetse ja soodsate hindadega kaupade pakkumine. Hankijateks oleme valinud just sellised firmad, kelle poolt pakutavad tooted on kvaliteetsed, kuid hinna poolest vastuv\u00f5etavad ka Eesti keskmise ja v\u00e4iksema sissetulekuga elanikkonnale. Kaupade soodsad hinnad on v\u00f5imalikud selle t\u00f5ttu, et kasutame kaupade laialiveoks oma transporti. Ettev\u00f5ttel on praeguseks s\u00f5lmitud \u00fcle 1200 koost\u00f6\u00f6lepingu \u00fcle Eesti tegutsevate kaubandusettev\u00f5tetega. Kokku on erinevaid tarnimiskohti rohkem kui 1500. Meie kliendid on supermarketid, keskmised ja v\u00e4iksemad kauplused. Kaupadega varustavad meid 51 tootjat 20 erinevast riigist. Tarnijate arv on viimaste aastate jooksul pidevalt suurenenud. Lisaks ostame tooteid ka paljudelt kodumaistelt firmadelt. P\u00f5hilised kaubaartiklid on puu- ja k\u00f6\u00f6giviljakonservid ning maiustused. Peale selle m\u00fc\u00fcme makaronitooteid, teed, kohvi, maitseaineid, toidukontsentraate, kastmeid, toidu\u00e4\u00e4dikat, mittealkohoolseid jooke, kuivaineid ja kosmeetikatooteid. 95 % kaubavalikust moodustavad toidukaubad. Kokku on kaubavalikus \u00fcle 800 erineva tootenime. Ettev\u00f5tte laohooned asuvad logistiliselt heas paigas &#8211; 8 km Tartu linnast Narva suunas, Tila k\u00fclas. Kokku on kasutusel 2700 ruutmeetrit laopinda.[\/vc_column_text][\/vc_column][vc_column width=&#8221;5\/12&#8243;]<div class=\"box-title-wrapper\">\r\n<style type=\"text\/css\" scoped>\r\n    #bxtitle_382231517.box-title.box-title-line-middle .title-bar:after,\r\n    #bxtitle_382231517.box-title.box-title-line-middle .title-bar:before,\r\n    #bxtitle_382231517.box-title.box-title-line-around .title-bar:after,\r\n    #bxtitle_382231517.box-title.bottom-little-line h2:after,\r\n    #bxtitle_382231517.box-title.box-title-line-around .title-bar:before,\r\n    #bxtitle_382231517.box-title.box-title-line-around h2{\r\n        border-color: #f2f2f2    }\r\n<\/style>\r\n        <div id=\"bxtitle_382231517\" class=\"box-title box-title-text-left bottom-little-line box-title-line-none \"  data-delay=\"0\">\r\n            <h2 style=\"font-size: 18px;\">\r\n                <span class=\"f-smaller\"><strong>KONTAKT<\/strong><\/span>            <\/h2>\r\n                    <\/div>\r\n        <\/div><div class=\"contact-info \"  data-delay=\"0\">\r\n\t    \t<div class=\"sidebar-nav\">\r\n\t\t<ul>\r\n                       <li>\n                                    <div class=\"icon-container background-image\" style=\"background-image:url(http:\/\/ektoni.ee\/wp-content\/uploads\/2014\/12\/contact_info_address1.png)\"><\/div>\n                                    <div class=\"info-container\">\n                                            <h4>AADRESS <\/h4>\n                        <p>Tehase 23, 51013 Tartu<\/p>\n                                        <\/a>\n                <\/div>\n            <\/li>\n                               <li>\n                                    <div class=\"icon-container background-image\" style=\"background-image:url(http:\/\/ektoni.ee\/wp-content\/uploads\/2014\/12\/contact_info_phone1.png)\"><\/div>\n                                    <div class=\"info-container\">\n                                            <h4>TELEFON <\/h4>\n                        <p>+ 372 7 352 227<\/p>\n                                        <\/a>\n                <\/div>\n            <\/li>\n                                                     <li>\n                                    <div class=\"icon-container background-image email\" style=\"background-image:url(http:\/\/ektoni.ee\/wp-content\/uploads\/2014\/12\/contact_info_email1.png)\"><\/div>\n                                    <div class=\"info-container\">\n                                            <a href=\"mailto:#\" class=\"contact_info_email\">\n                                            <h4>E-POST <\/h4>\n                        <p>ektoni@ektoni.ee<\/p>\n                                            <\/a>\n                                        <\/a>\n                <\/div>\n            <\/li>\n        \t\t<\/ul>\r\n\t<\/div>\r\n<\/div>[\/vc_column][\/vc_row]<\/p>\n","protected":false},"excerpt":{"rendered":"<p>[vc_row][vc_column][vc_empty_space height=&#8221;15px&#8221;][\/vc_column][\/vc_row][vc_row][vc_column width=&#8221;7\/12&#8243;][vc_column_text]Ektoni hulgikaubandus O\u00dc on 1992. aastal asutatud kodumaisel kapitalil p\u00f5hinev toidu- ja t\u00f6\u00f6stuskaupade hulgikaubandusega tegelev ettev\u00f5te. Meie tegevuse eesm\u00e4rk on tarbijatele kvaliteetse ja soodsate hindadega kaupade pakkumine. Hankijateks oleme valinud just sellised firmad, kelle poolt pakutavad tooted on kvaliteetsed, kuid hinna poolest vastuv\u00f5etavad ka Eesti keskmise ja v\u00e4iksema sissetulekuga elanikkonnale. Kaupade soodsad hinnad [&hellip;]<\/p>\n","protected":false},"author":1,"featured_media":0,"parent":0,"menu_order":0,"comment_status":"closed","ping_status":"closed","template":"","meta":{"inline_featured_image":false,"footnotes":""},"aioseo_notices":[],"_links":{"self":[{"href":"https:\/\/www.ektoni.ee\/en\/wp-json\/wp\/v2\/pages\/4279\/"}],"collection":[{"href":"https:\/\/www.ektoni.ee\/en\/wp-json\/wp\/v2\/pages\/"}],"about":[{"href":"https:\/\/www.ektoni.ee\/en\/wp-json\/wp\/v2\/types\/page\/"}],"author":[{"embeddable":true,"href":"https:\/\/www.ektoni.ee\/en\/wp-json\/wp\/v2\/users\/1\/"}],"replies":[{"embeddable":true,"href":"https:\/\/www.ektoni.ee\/en\/wp-json\/wp\/v2\/comments\/?post=4279"}],"version-history":[{"count":1,"href":"https:\/\/www.ektoni.ee\/en\/wp-json\/wp\/v2\/pages\/4279\/revisions\/"}],"predecessor-version":[{"id":4281,"href":"https:\/\/www.ektoni.ee\/en\/wp-json\/wp\/v2\/pages\/4279\/revisions\/4281\/"}],"wp:attachment":[{"href":"https:\/\/www.ektoni.ee\/en\/wp-json\/wp\/v2\/media\/?parent=4279"}],"curies":[{"name":"wp","href":"https:\/\/api.w.org\/{rel}","templated":true}]}}